{"id":32,"date":"2024-12-15T18:41:03","date_gmt":"2024-12-15T17:41:03","guid":{"rendered":"https:\/\/floorball-festival-berlin.de\/?page_id=32"},"modified":"2026-01-31T11:52:57","modified_gmt":"2026-01-31T10:52:57","slug":"programme","status":"publish","type":"page","link":"https:\/\/floorball-festival-berlin.de\/en\/programm\/","title":{"rendered":"Programme"},"content":{"rendered":"<div data-elementor-type=\"wp-page\" data-elementor-id=\"32\" class=\"elementor elementor-32\" data-elementor-post-type=\"page\">\n\t\t\t\t<div class=\"elementor-element elementor-element-3cefa55 e-flex e-con-boxed e-con e-parent\" data-id=\"3cefa55\" data-element_type=\"container\" data-e-type=\"container\">\n\t\t\t\t\t<div class=\"e-con-inner\">\n\t\t\t\t<div class=\"elementor-element elementor-element-dcc7071 elementor-widget elementor-widget-text-editor\" data-id=\"dcc7071\" data-element_type=\"widget\" data-e-type=\"widget\" data-widget_type=\"text-editor.default\">\n\t\t\t\t<div class=\"elementor-widget-container\">\n\t\t\t\t\t\t\t\t\t<p>Experience the Floorball Festival Berlin - More than just floorball!<\/p>\n<p><!-- \/wp:paragraph --><!-- wp:paragraph --><\/p>\n<p>The Floorball Festival Berlin is not only <strong>a sporting highlight<\/strong> for floorball fans, but also offers <strong>a colourful supporting programme<\/strong> for all visitors. In addition to exciting floorball games, you can expect <strong>a variety of activities<\/strong> and experiences.<\/p>\n<p><!-- \/wp:paragraph --><!-- wp:paragraph --><\/p>\t\t\t\t\t\t\t\t<\/div>\n\t\t\t\t<\/div>\n\t\t\t\t\t<\/div>\n\t\t\t\t<\/div>\n\t\t<div class=\"elementor-element elementor-element-270eb7b e-flex e-con-boxed e-con e-parent\" data-id=\"270eb7b\" data-element_type=\"container\" data-e-type=\"container\">\n\t\t\t\t\t<div class=\"e-con-inner\">\n\t\t\t\t<div class=\"elementor-element elementor-element-a790d8f elementor-widget__width-initial elementor-widget elementor-widget-image\" data-id=\"a790d8f\" data-element_type=\"widget\" data-e-type=\"widget\" data-widget_type=\"image.default\">\n\t\t\t\t<div class=\"elementor-widget-container\">\n\t\t\t\t\t\t\t\t\t\t\t\t\t\t\t<img fetchpriority=\"high\" decoding=\"async\" width=\"1024\" height=\"309\" src=\"https:\/\/floorball-festival-berlin.de\/wp-content\/uploads\/2025\/03\/Floorball_Festival_Berlin_Arena-1024x309.jpg\" class=\"attachment-large size-large wp-image-259\" alt=\"Floorball Festival Berlin Arena\" srcset=\"https:\/\/floorball-festival-berlin.de\/wp-content\/uploads\/2025\/03\/Floorball_Festival_Berlin_Arena-1024x309.jpg 1024w, https:\/\/floorball-festival-berlin.de\/wp-content\/uploads\/2025\/03\/Floorball_Festival_Berlin_Arena-300x91.jpg 300w, https:\/\/floorball-festival-berlin.de\/wp-content\/uploads\/2025\/03\/Floorball_Festival_Berlin_Arena-768x232.jpg 768w, https:\/\/floorball-festival-berlin.de\/wp-content\/uploads\/2025\/03\/Floorball_Festival_Berlin_Arena-1536x464.jpg 1536w, https:\/\/floorball-festival-berlin.de\/wp-content\/uploads\/2025\/03\/Floorball_Festival_Berlin_Arena-2048x619.jpg 2048w, https:\/\/floorball-festival-berlin.de\/wp-content\/uploads\/2025\/03\/Floorball_Festival_Berlin_Arena-18x5.jpg 18w, https:\/\/floorball-festival-berlin.de\/wp-content\/uploads\/2025\/03\/Floorball_Festival_Berlin_Arena-1320x399.jpg 1320w\" sizes=\"(max-width: 1024px) 100vw, 1024px\" \/>\t\t\t\t\t\t\t\t\t\t\t\t\t\t\t<\/div>\n\t\t\t\t<\/div>\n\t\t\t\t\t<\/div>\n\t\t\t\t<\/div>\n\t\t<div class=\"elementor-element elementor-element-8053658 e-flex e-con-boxed e-con e-parent\" data-id=\"8053658\" data-element_type=\"container\" data-e-type=\"container\">\n\t\t\t\t\t<div class=\"e-con-inner\">\n\t\t\t\t<div class=\"elementor-element elementor-element-562eae9 elementor-widget elementor-widget-text-editor\" data-id=\"562eae9\" data-element_type=\"widget\" data-e-type=\"widget\" data-widget_type=\"text-editor.default\">\n\t\t\t\t<div class=\"elementor-widget-container\">\n\t\t\t\t\t\t\t\t\t<p>Test your <strong>Shooting speed<\/strong>proves your <strong>Accuracy<\/strong>shows your <strong>Zorros<\/strong> and other tricks <strong>and<\/strong> seeks the <strong>Exchange<\/strong> with floorball enthusiasts and multipliers, take a stroll through our<strong> Sales stand<\/strong> with great <strong>Offered<\/strong>fortify yourselves with delicious <strong>Catering<\/strong> and enjoy the unique <strong>Atmosphere<\/strong>. So just come along, join in the excitement and experience an unforgettable event where sport, fun and community take centre stage. And memories want to be captured, which is why we also have a <strong>Photo box<\/strong> will be set up.<\/p>\n<p><!-- \/wp:paragraph --><!-- wp:paragraph --><\/p>\t\t\t\t\t\t\t\t<\/div>\n\t\t\t\t<\/div>\n\t\t\t\t<div class=\"elementor-element elementor-element-054080e elementor-widget elementor-widget-gallery\" data-id=\"054080e\" data-element_type=\"widget\" data-e-type=\"widget\" data-settings=\"{&quot;lazyload&quot;:&quot;yes&quot;,&quot;gallery_layout&quot;:&quot;grid&quot;,&quot;columns&quot;:4,&quot;columns_tablet&quot;:2,&quot;columns_mobile&quot;:1,&quot;gap&quot;:{&quot;unit&quot;:&quot;px&quot;,&quot;size&quot;:10,&quot;sizes&quot;:[]},&quot;gap_tablet&quot;:{&quot;unit&quot;:&quot;px&quot;,&quot;size&quot;:10,&quot;sizes&quot;:[]},&quot;gap_mobile&quot;:{&quot;unit&quot;:&quot;px&quot;,&quot;size&quot;:10,&quot;sizes&quot;:[]},&quot;link_to&quot;:&quot;file&quot;,&quot;aspect_ratio&quot;:&quot;3:2&quot;,&quot;overlay_background&quot;:&quot;yes&quot;,&quot;content_hover_animation&quot;:&quot;fade-in&quot;}\" data-widget_type=\"gallery.default\">\n\t\t\t\t<div class=\"elementor-widget-container\">\n\t\t\t\t\t\t\t<div class=\"elementor-gallery__container\">\n\t\t\t\t\t\t\t<a class=\"e-gallery-item elementor-gallery-item elementor-animated-content\" href=\"https:\/\/floorball-festival-berlin.de\/wp-content\/uploads\/2025\/09\/28Floorball_Festival_Berlin_2025_Fotograf_Dennis_Hayungs.jpg\" data-elementor-open-lightbox=\"yes\" data-elementor-lightbox-slideshow=\"054080e\" data-elementor-lightbox-title=\"28Floorball_Festival_Berlin_2025_Fotograf_Dennis_Hayungs\" data-e-action-hash=\"#elementor-action%3Aaction%3Dlightbox%26settings%3DeyJpZCI6NTkzLCJ1cmwiOiJodHRwczpcL1wvZmxvb3JiYWxsLWZlc3RpdmFsLWJlcmxpbi5kZVwvd3AtY29udGVudFwvdXBsb2Fkc1wvMjAyNVwvMDlcLzI4Rmxvb3JiYWxsX0Zlc3RpdmFsX0Jlcmxpbl8yMDI1X0ZvdG9ncmFmX0Rlbm5pc19IYXl1bmdzLmpwZyIsInNsaWRlc2hvdyI6IjA1NDA4MGUifQ%3D%3D\">\n\t\t\t\t\t<div class=\"e-gallery-image elementor-gallery-item__image\" data-thumbnail=\"https:\/\/floorball-festival-berlin.de\/wp-content\/uploads\/2025\/09\/28Floorball_Festival_Berlin_2025_Fotograf_Dennis_Hayungs-300x238.jpg\" data-width=\"300\" data-height=\"238\" aria-label=\"\" role=\"img\" ><\/div>\n\t\t\t\t\t\t\t\t\t\t\t<div class=\"elementor-gallery-item__overlay\"><\/div>\n\t\t\t\t\t\t\t\t\t\t\t\t\t\t<\/a>\n\t\t\t\t\t\t\t<a class=\"e-gallery-item elementor-gallery-item elementor-animated-content\" href=\"https:\/\/floorball-festival-berlin.de\/wp-content\/uploads\/2025\/09\/26Floorball_Festival_Berlin_2025_Fotograf_Dennis_Hayungs.jpg\" data-elementor-open-lightbox=\"yes\" data-elementor-lightbox-slideshow=\"054080e\" data-elementor-lightbox-title=\"26Floorball_Festival_Berlin_2025_Fotograf_Dennis_Hayungs\" data-e-action-hash=\"#elementor-action%3Aaction%3Dlightbox%26settings%3DeyJpZCI6NTkxLCJ1cmwiOiJodHRwczpcL1wvZmxvb3JiYWxsLWZlc3RpdmFsLWJlcmxpbi5kZVwvd3AtY29udGVudFwvdXBsb2Fkc1wvMjAyNVwvMDlcLzI2Rmxvb3JiYWxsX0Zlc3RpdmFsX0Jlcmxpbl8yMDI1X0ZvdG9ncmFmX0Rlbm5pc19IYXl1bmdzLmpwZyIsInNsaWRlc2hvdyI6IjA1NDA4MGUifQ%3D%3D\">\n\t\t\t\t\t<div class=\"e-gallery-image elementor-gallery-item__image\" data-thumbnail=\"https:\/\/floorball-festival-berlin.de\/wp-content\/uploads\/2025\/09\/26Floorball_Festival_Berlin_2025_Fotograf_Dennis_Hayungs-300x243.jpg\" data-width=\"300\" data-height=\"243\" aria-label=\"\" role=\"img\" ><\/div>\n\t\t\t\t\t\t\t\t\t\t\t<div class=\"elementor-gallery-item__overlay\"><\/div>\n\t\t\t\t\t\t\t\t\t\t\t\t\t\t<\/a>\n\t\t\t\t\t\t\t<a class=\"e-gallery-item elementor-gallery-item elementor-animated-content\" href=\"https:\/\/floorball-festival-berlin.de\/wp-content\/uploads\/2025\/09\/7Floorball_Festival_Berlin_2025_Fotograf_Dennis_Hayungs.jpg\" data-elementor-open-lightbox=\"yes\" data-elementor-lightbox-slideshow=\"054080e\" data-elementor-lightbox-title=\"7Floorball_Festival_Berlin_2025_Fotograf_Dennis_Hayungs\" data-e-action-hash=\"#elementor-action%3Aaction%3Dlightbox%26settings%3DeyJpZCI6NTYwLCJ1cmwiOiJodHRwczpcL1wvZmxvb3JiYWxsLWZlc3RpdmFsLWJlcmxpbi5kZVwvd3AtY29udGVudFwvdXBsb2Fkc1wvMjAyNVwvMDlcLzdGbG9vcmJhbGxfRmVzdGl2YWxfQmVybGluXzIwMjVfRm90b2dyYWZfRGVubmlzX0hheXVuZ3MuanBnIiwic2xpZGVzaG93IjoiMDU0MDgwZSJ9\">\n\t\t\t\t\t<div class=\"e-gallery-image elementor-gallery-item__image\" data-thumbnail=\"https:\/\/floorball-festival-berlin.de\/wp-content\/uploads\/2025\/09\/7Floorball_Festival_Berlin_2025_Fotograf_Dennis_Hayungs-275x300.jpg\" data-width=\"275\" data-height=\"300\" aria-label=\"\" role=\"img\" ><\/div>\n\t\t\t\t\t\t\t\t\t\t\t<div class=\"elementor-gallery-item__overlay\"><\/div>\n\t\t\t\t\t\t\t\t\t\t\t\t\t\t<\/a>\n\t\t\t\t\t\t\t<a class=\"e-gallery-item elementor-gallery-item elementor-animated-content\" href=\"https:\/\/floorball-festival-berlin.de\/wp-content\/uploads\/2025\/09\/11Floorball_Festival_Berlin_2025_Fotograf_Dennis_Hayungs.jpg\" data-elementor-open-lightbox=\"yes\" data-elementor-lightbox-slideshow=\"054080e\" data-elementor-lightbox-title=\"11Floorball_Festival_Berlin_2025_Fotograf_Dennis_Hayungs\" data-e-action-hash=\"#elementor-action%3Aaction%3Dlightbox%26settings%3DeyJpZCI6NTY3LCJ1cmwiOiJodHRwczpcL1wvZmxvb3JiYWxsLWZlc3RpdmFsLWJlcmxpbi5kZVwvd3AtY29udGVudFwvdXBsb2Fkc1wvMjAyNVwvMDlcLzExRmxvb3JiYWxsX0Zlc3RpdmFsX0Jlcmxpbl8yMDI1X0ZvdG9ncmFmX0Rlbm5pc19IYXl1bmdzLmpwZyIsInNsaWRlc2hvdyI6IjA1NDA4MGUifQ%3D%3D\">\n\t\t\t\t\t<div class=\"e-gallery-image elementor-gallery-item__image\" data-thumbnail=\"https:\/\/floorball-festival-berlin.de\/wp-content\/uploads\/2025\/09\/11Floorball_Festival_Berlin_2025_Fotograf_Dennis_Hayungs-300x200.jpg\" data-width=\"300\" data-height=\"200\" aria-label=\"\" role=\"img\" ><\/div>\n\t\t\t\t\t\t\t\t\t\t\t<div class=\"elementor-gallery-item__overlay\"><\/div>\n\t\t\t\t\t\t\t\t\t\t\t\t\t\t<\/a>\n\t\t\t\t\t\t\t<a class=\"e-gallery-item elementor-gallery-item elementor-animated-content\" href=\"https:\/\/floorball-festival-berlin.de\/wp-content\/uploads\/2025\/09\/1Floorball_Festival_Berlin_2025_Fotograf_Dennis_Hayungs-2.jpg\" data-elementor-open-lightbox=\"yes\" data-elementor-lightbox-slideshow=\"054080e\" data-elementor-lightbox-title=\"1Floorball_Festival_Berlin_2025_Fotograf_Dennis_Hayungs-2\" data-e-action-hash=\"#elementor-action%3Aaction%3Dlightbox%26settings%3DeyJpZCI6NjIxLCJ1cmwiOiJodHRwczpcL1wvZmxvb3JiYWxsLWZlc3RpdmFsLWJlcmxpbi5kZVwvd3AtY29udGVudFwvdXBsb2Fkc1wvMjAyNVwvMDlcLzFGbG9vcmJhbGxfRmVzdGl2YWxfQmVybGluXzIwMjVfRm90b2dyYWZfRGVubmlzX0hheXVuZ3MtMi5qcGciLCJzbGlkZXNob3ciOiIwNTQwODBlIn0%3D\">\n\t\t\t\t\t<div class=\"e-gallery-image elementor-gallery-item__image\" data-thumbnail=\"https:\/\/floorball-festival-berlin.de\/wp-content\/uploads\/2025\/09\/1Floorball_Festival_Berlin_2025_Fotograf_Dennis_Hayungs-2-300x300.jpg\" data-width=\"300\" data-height=\"300\" aria-label=\"\" role=\"img\" ><\/div>\n\t\t\t\t\t\t\t\t\t\t\t<div class=\"elementor-gallery-item__overlay\"><\/div>\n\t\t\t\t\t\t\t\t\t\t\t\t\t\t<\/a>\n\t\t\t\t\t\t\t<a class=\"e-gallery-item elementor-gallery-item elementor-animated-content\" href=\"https:\/\/floorball-festival-berlin.de\/wp-content\/uploads\/2025\/12\/Floorball_Stories_Ausstellung.png\" data-elementor-open-lightbox=\"yes\" data-elementor-lightbox-slideshow=\"054080e\" data-elementor-lightbox-title=\"Floorball_Stories_Ausstellung\" data-e-action-hash=\"#elementor-action%3Aaction%3Dlightbox%26settings%3DeyJpZCI6NjY4LCJ1cmwiOiJodHRwczpcL1wvZmxvb3JiYWxsLWZlc3RpdmFsLWJlcmxpbi5kZVwvd3AtY29udGVudFwvdXBsb2Fkc1wvMjAyNVwvMTJcL0Zsb29yYmFsbF9TdG9yaWVzX0F1c3N0ZWxsdW5nLnBuZyIsInNsaWRlc2hvdyI6IjA1NDA4MGUifQ%3D%3D\">\n\t\t\t\t\t<div class=\"e-gallery-image elementor-gallery-item__image\" data-thumbnail=\"https:\/\/floorball-festival-berlin.de\/wp-content\/uploads\/2025\/12\/Floorball_Stories_Ausstellung-300x205.png\" data-width=\"300\" data-height=\"205\" aria-label=\"The picture shows several motifs on a wall during the &quot;Floorball Stories&quot; exhibition&quot;\" role=\"img\" ><\/div>\n\t\t\t\t\t\t\t\t\t\t\t<div class=\"elementor-gallery-item__overlay\"><\/div>\n\t\t\t\t\t\t\t\t\t\t\t\t\t\t<\/a>\n\t\t\t\t\t\t\t<a class=\"e-gallery-item elementor-gallery-item elementor-animated-content\" href=\"https:\/\/floorball-festival-berlin.de\/wp-content\/uploads\/2025\/09\/42Floorball_Festival_Berlin_2025_Fotograf_Dennis_Hayungs.jpg\" data-elementor-open-lightbox=\"yes\" data-elementor-lightbox-slideshow=\"054080e\" data-elementor-lightbox-title=\"42Floorball_Festival_Berlin_2025_Fotograf_Dennis_Hayungs\" data-e-action-hash=\"#elementor-action%3Aaction%3Dlightbox%26settings%3DeyJpZCI6NjE2LCJ1cmwiOiJodHRwczpcL1wvZmxvb3JiYWxsLWZlc3RpdmFsLWJlcmxpbi5kZVwvd3AtY29udGVudFwvdXBsb2Fkc1wvMjAyNVwvMDlcLzQyRmxvb3JiYWxsX0Zlc3RpdmFsX0Jlcmxpbl8yMDI1X0ZvdG9ncmFmX0Rlbm5pc19IYXl1bmdzLmpwZyIsInNsaWRlc2hvdyI6IjA1NDA4MGUifQ%3D%3D\">\n\t\t\t\t\t<div class=\"e-gallery-image elementor-gallery-item__image\" data-thumbnail=\"https:\/\/floorball-festival-berlin.de\/wp-content\/uploads\/2025\/09\/42Floorball_Festival_Berlin_2025_Fotograf_Dennis_Hayungs-300x218.jpg\" data-width=\"300\" data-height=\"218\" aria-label=\"\" role=\"img\" ><\/div>\n\t\t\t\t\t\t\t\t\t\t\t<div class=\"elementor-gallery-item__overlay\"><\/div>\n\t\t\t\t\t\t\t\t\t\t\t\t\t\t<\/a>\n\t\t\t\t\t\t\t<a class=\"e-gallery-item elementor-gallery-item elementor-animated-content\" href=\"https:\/\/floorball-festival-berlin.de\/wp-content\/uploads\/2025\/09\/36Floorball_Festival_Berlin_2025_Fotograf_Dennis_Hayungs.jpg\" data-elementor-open-lightbox=\"yes\" data-elementor-lightbox-slideshow=\"054080e\" data-elementor-lightbox-title=\"36Floorball_Festival_Berlin_2025_Fotograf_Dennis_Hayungs\" data-e-action-hash=\"#elementor-action%3Aaction%3Dlightbox%26settings%3DeyJpZCI6NjEwLCJ1cmwiOiJodHRwczpcL1wvZmxvb3JiYWxsLWZlc3RpdmFsLWJlcmxpbi5kZVwvd3AtY29udGVudFwvdXBsb2Fkc1wvMjAyNVwvMDlcLzM2Rmxvb3JiYWxsX0Zlc3RpdmFsX0Jlcmxpbl8yMDI1X0ZvdG9ncmFmX0Rlbm5pc19IYXl1bmdzLmpwZyIsInNsaWRlc2hvdyI6IjA1NDA4MGUifQ%3D%3D\">\n\t\t\t\t\t<div class=\"e-gallery-image elementor-gallery-item__image\" data-thumbnail=\"https:\/\/floorball-festival-berlin.de\/wp-content\/uploads\/2025\/09\/36Floorball_Festival_Berlin_2025_Fotograf_Dennis_Hayungs-300x195.jpg\" data-width=\"300\" data-height=\"195\" aria-label=\"\" role=\"img\" ><\/div>\n\t\t\t\t\t\t\t\t\t\t\t<div class=\"elementor-gallery-item__overlay\"><\/div>\n\t\t\t\t\t\t\t\t\t\t\t\t\t\t<\/a>\n\t\t\t\t\t<\/div>\n\t\t\t\t\t<\/div>\n\t\t\t\t<\/div>\n\t\t\t\t<div class=\"elementor-element elementor-element-405856b elementor-widget elementor-widget-spacer\" data-id=\"405856b\" data-element_type=\"widget\" data-e-type=\"widget\" data-widget_type=\"spacer.default\">\n\t\t\t\t<div class=\"elementor-widget-container\">\n\t\t\t\t\t\t\t<div class=\"elementor-spacer\">\n\t\t\t<div class=\"elementor-spacer-inner\"><\/div>\n\t\t<\/div>\n\t\t\t\t\t\t<\/div>\n\t\t\t\t<\/div>\n\t\t\t\t<div class=\"elementor-element elementor-element-90a5202 elementor-widget elementor-widget-heading\" data-id=\"90a5202\" data-element_type=\"widget\" data-e-type=\"widget\" data-widget_type=\"heading.default\">\n\t\t\t\t<div class=\"elementor-widget-container\">\n\t\t\t\t\t<h2 class=\"elementor-heading-title elementor-size-default\">Also always on site and with us ...<\/h2>\t\t\t\t<\/div>\n\t\t\t\t<\/div>\n\t\t\t\t\t<\/div>\n\t\t\t\t<\/div>\n\t\t<div class=\"elementor-element elementor-element-86c78c7 e-flex e-con-boxed e-con e-parent\" data-id=\"86c78c7\" data-element_type=\"container\" data-e-type=\"container\">\n\t\t\t\t\t<div class=\"e-con-inner\">\n\t\t<div class=\"elementor-element elementor-element-6f33932 e-con-full e-flex e-con e-child\" data-id=\"6f33932\" data-element_type=\"container\" data-e-type=\"container\">\n\t\t\t\t<div class=\"elementor-element elementor-element-af16111 elementor-widget elementor-widget-image\" data-id=\"af16111\" data-element_type=\"widget\" data-e-type=\"widget\" data-widget_type=\"image.default\">\n\t\t\t\t<div class=\"elementor-widget-container\">\n\t\t\t\t\t\t\t\t\t\t\t\t\t\t\t<img decoding=\"async\" width=\"878\" height=\"878\" src=\"https:\/\/floorball-festival-berlin.de\/wp-content\/uploads\/2025\/03\/Floorball-Festival-Berlin-Floorballshop-stand.jpg\" class=\"attachment-large size-large wp-image-265\" alt=\"Floorballshop Floorball Hayungs at the Floorball Festival Berlin\" srcset=\"https:\/\/floorball-festival-berlin.de\/wp-content\/uploads\/2025\/03\/Floorball-Festival-Berlin-Floorballshop-stand.jpg 878w, https:\/\/floorball-festival-berlin.de\/wp-content\/uploads\/2025\/03\/Floorball-Festival-Berlin-Floorballshop-stand-300x300.jpg 300w, https:\/\/floorball-festival-berlin.de\/wp-content\/uploads\/2025\/03\/Floorball-Festival-Berlin-Floorballshop-stand-150x150.jpg 150w, https:\/\/floorball-festival-berlin.de\/wp-content\/uploads\/2025\/03\/Floorball-Festival-Berlin-Floorballshop-stand-768x768.jpg 768w, https:\/\/floorball-festival-berlin.de\/wp-content\/uploads\/2025\/03\/Floorball-Festival-Berlin-Floorballshop-stand-12x12.jpg 12w\" sizes=\"(max-width: 878px) 100vw, 878px\" \/>\t\t\t\t\t\t\t\t\t\t\t\t\t\t\t<\/div>\n\t\t\t\t<\/div>\n\t\t\t\t<div class=\"elementor-element elementor-element-4f35e22 elementor-widget elementor-widget-heading\" data-id=\"4f35e22\" data-element_type=\"widget\" data-e-type=\"widget\" data-widget_type=\"heading.default\">\n\t\t\t\t<div class=\"elementor-widget-container\">\n\t\t\t\t\t<h3 class=\"elementor-heading-title elementor-size-default\">Service and shop<\/h3>\t\t\t\t<\/div>\n\t\t\t\t<\/div>\n\t\t\t\t<div class=\"elementor-element elementor-element-731bb3b elementor-widget elementor-widget-text-editor\" data-id=\"731bb3b\" data-element_type=\"widget\" data-e-type=\"widget\" data-widget_type=\"text-editor.default\">\n\t\t\t\t<div class=\"elementor-widget-container\">\n\t\t\t\t\t\t\t\t\t<p>At the <strong>Floorball Festival Berlin<\/strong> there will also be a service stand from <strong><a href=\"https:\/\/www.floorball-hayungs.de\" target=\"_blank\" rel=\"noopener\">Floorball Hayungs<\/a><\/strong> be represented. You must have your <strong>Change grip tape<\/strong>? Here you can purchase the right strap and have it fitted straight away. Also numerous <strong>Floorball sticks<\/strong> and more <strong>Floorball accessories<\/strong> can be tested on site - and of course also purchased.<\/p>\n<p>\u00a0<\/p>\t\t\t\t\t\t\t\t<\/div>\n\t\t\t\t<\/div>\n\t\t\t\t<\/div>\n\t\t<div class=\"elementor-element elementor-element-2753060 e-con-full e-flex e-con e-child\" data-id=\"2753060\" data-element_type=\"container\" data-e-type=\"container\">\n\t\t\t\t<div class=\"elementor-element elementor-element-6731831 elementor-widget__width-initial elementor-widget elementor-widget-image\" data-id=\"6731831\" data-element_type=\"widget\" data-e-type=\"widget\" data-widget_type=\"image.default\">\n\t\t\t\t<div class=\"elementor-widget-container\">\n\t\t\t\t\t\t\t\t\t\t\t\t\t\t\t<img decoding=\"async\" width=\"545\" height=\"825\" src=\"https:\/\/floorball-festival-berlin.de\/wp-content\/uploads\/2025\/03\/Floorball-Festival-Berlin-Karower-Dachs.jpg\" class=\"attachment-medium_large size-medium_large wp-image-270\" alt=\"\" srcset=\"https:\/\/floorball-festival-berlin.de\/wp-content\/uploads\/2025\/03\/Floorball-Festival-Berlin-Karower-Dachs.jpg 545w, https:\/\/floorball-festival-berlin.de\/wp-content\/uploads\/2025\/03\/Floorball-Festival-Berlin-Karower-Dachs-198x300.jpg 198w, https:\/\/floorball-festival-berlin.de\/wp-content\/uploads\/2025\/03\/Floorball-Festival-Berlin-Karower-Dachs-8x12.jpg 8w\" sizes=\"(max-width: 545px) 100vw, 545px\" \/>\t\t\t\t\t\t\t\t\t\t\t\t\t\t\t<\/div>\n\t\t\t\t<\/div>\n\t\t\t\t<div class=\"elementor-element elementor-element-ef35b8b elementor-widget elementor-widget-heading\" data-id=\"ef35b8b\" data-element_type=\"widget\" data-e-type=\"widget\" data-widget_type=\"heading.default\">\n\t\t\t\t<div class=\"elementor-widget-container\">\n\t\t\t\t\t<h3 class=\"elementor-heading-title elementor-size-default\">Mascot<\/h3>\t\t\t\t<\/div>\n\t\t\t\t<\/div>\n\t\t\t\t<div class=\"elementor-element elementor-element-e2d47e3 elementor-widget elementor-widget-text-editor\" data-id=\"e2d47e3\" data-element_type=\"widget\" data-e-type=\"widget\" data-widget_type=\"text-editor.default\">\n\t\t\t\t<div class=\"elementor-widget-container\">\n\t\t\t\t\t\t\t\t\t<p>And with us <strong>Karow badgers<\/strong> always with us is of course our <strong>Badger mascot. <\/strong>If you also have a mascot, please bring it along - for a <strong>Short game<\/strong> of the mascots ...<\/p>\t\t\t\t\t\t\t\t<\/div>\n\t\t\t\t<\/div>\n\t\t\t\t<\/div>\n\t\t\t\t\t<\/div>\n\t\t\t\t<\/div>\n\t\t<div class=\"elementor-element elementor-element-e229a70 e-flex e-con-boxed e-con e-parent\" data-id=\"e229a70\" data-element_type=\"container\" data-e-type=\"container\">\n\t\t\t\t\t<div class=\"e-con-inner\">\n\t\t\t\t<div class=\"elementor-element elementor-element-8ddc93c elementor-widget elementor-widget-image\" data-id=\"8ddc93c\" data-element_type=\"widget\" data-e-type=\"widget\" data-widget_type=\"image.default\">\n\t\t\t\t<div class=\"elementor-widget-container\">\n\t\t\t\t\t\t\t\t\t\t\t\t\t\t\t<img loading=\"lazy\" decoding=\"async\" width=\"768\" height=\"525\" src=\"https:\/\/floorball-festival-berlin.de\/wp-content\/uploads\/2025\/12\/Floorball_Stories_Ausstellung-768x525.png\" class=\"attachment-medium_large size-medium_large wp-image-668\" alt=\"The picture shows several motifs on a wall during the &quot;Floorball Stories&quot; exhibition&quot;\" srcset=\"https:\/\/floorball-festival-berlin.de\/wp-content\/uploads\/2025\/12\/Floorball_Stories_Ausstellung-768x525.png 768w, https:\/\/floorball-festival-berlin.de\/wp-content\/uploads\/2025\/12\/Floorball_Stories_Ausstellung-300x205.png 300w, https:\/\/floorball-festival-berlin.de\/wp-content\/uploads\/2025\/12\/Floorball_Stories_Ausstellung-18x12.png 18w, https:\/\/floorball-festival-berlin.de\/wp-content\/uploads\/2025\/12\/Floorball_Stories_Ausstellung.png 880w\" sizes=\"(max-width: 768px) 100vw, 768px\" \/>\t\t\t\t\t\t\t\t\t\t\t\t\t\t\t<\/div>\n\t\t\t\t<\/div>\n\t\t\t\t<div class=\"elementor-element elementor-element-674e149 elementor-widget elementor-widget-heading\" data-id=\"674e149\" data-element_type=\"widget\" data-e-type=\"widget\" data-widget_type=\"heading.default\">\n\t\t\t\t<div class=\"elementor-widget-container\">\n\t\t\t\t\t<h2 class=\"elementor-heading-title elementor-size-default\">International floorball exhibition \"Floorball Stories\"<\/h2>\t\t\t\t<\/div>\n\t\t\t\t<\/div>\n\t\t\t\t<div class=\"elementor-element elementor-element-b020cd6 elementor-widget elementor-widget-text-editor\" data-id=\"b020cd6\" data-element_type=\"widget\" data-e-type=\"widget\" data-widget_type=\"text-editor.default\">\n\t\t\t\t<div class=\"elementor-widget-container\">\n\t\t\t\t\t\t\t\t\t<p>The \u201eFloorball Stories\u201c exhibition will once again take place during the Floorball Festival. This international open exhibition project shows floorball stories from all over the world.<\/p>\t\t\t\t\t\t\t\t<\/div>\n\t\t\t\t<\/div>\n\t\t\t\t\t<\/div>\n\t\t\t\t<\/div>\n\t\t<div class=\"elementor-element elementor-element-b991e73 e-flex e-con-boxed e-con e-parent\" data-id=\"b991e73\" data-element_type=\"container\" data-e-type=\"container\">\n\t\t\t\t\t<div class=\"e-con-inner\">\n\t\t\t\t\t<\/div>\n\t\t\t\t<\/div>\n\t\t\t\t<\/div>","protected":false},"excerpt":{"rendered":"<p>Erlebt das Floorball Festival Berlin \u2013 Mehr als nur Floorball! Das Floorball Festival Berlin ist nicht nur ein sportliches Highlight f\u00fcr Floorball-Fans, sondern bietet ein buntes Rahmenprogramm f\u00fcr alle Besucherinnen und Besucher. Neben spannenden Floorball-Spielen erwartet euch eine Vielfalt an Aktivit\u00e4ten und Erlebnissen. Testet Eure Schussgeschwindigkeit, beweist euer Treffsicherheit, zeigt eure Zorros und andere Tricks [&hellip;]<\/p>\n","protected":false},"author":1,"featured_media":0,"parent":0,"menu_order":0,"comment_status":"closed","ping_status":"closed","template":"","meta":{"footnotes":""},"class_list":["post-32","page","type-page","status-publish","hentry","entry"],"_links":{"self":[{"href":"https:\/\/floorball-festival-berlin.de\/en\/wp-json\/wp\/v2\/pages\/32","targetHints":{"allow":["GET"]}}],"collection":[{"href":"https:\/\/floorball-festival-berlin.de\/en\/wp-json\/wp\/v2\/pages"}],"about":[{"href":"https:\/\/floorball-festival-berlin.de\/en\/wp-json\/wp\/v2\/types\/page"}],"author":[{"embeddable":true,"href":"https:\/\/floorball-festival-berlin.de\/en\/wp-json\/wp\/v2\/users\/1"}],"replies":[{"embeddable":true,"href":"https:\/\/floorball-festival-berlin.de\/en\/wp-json\/wp\/v2\/comments?post=32"}],"version-history":[{"count":10,"href":"https:\/\/floorball-festival-berlin.de\/en\/wp-json\/wp\/v2\/pages\/32\/revisions"}],"predecessor-version":[{"id":731,"href":"https:\/\/floorball-festival-berlin.de\/en\/wp-json\/wp\/v2\/pages\/32\/revisions\/731"}],"wp:attachment":[{"href":"https:\/\/floorball-festival-berlin.de\/en\/wp-json\/wp\/v2\/media?parent=32"}],"curies":[{"name":"wp","href":"https:\/\/api.w.org\/{rel}","templated":true}]}}