{"id":292,"date":"2025-03-21T18:14:11","date_gmt":"2025-03-21T17:14:11","guid":{"rendered":"https:\/\/floorball-festival-berlin.de\/?page_id=292"},"modified":"2025-09-07T14:41:54","modified_gmt":"2025-09-07T12:41:54","slug":"the-festival-sports-hall","status":"publish","type":"page","link":"https:\/\/floorball-festival-berlin.de\/en\/die-festival-sporthalle\/","title":{"rendered":"The festival sports hall"},"content":{"rendered":"<div data-elementor-type=\"wp-page\" data-elementor-id=\"292\" class=\"elementor elementor-292\" data-elementor-post-type=\"page\">\n\t\t\t\t<div class=\"elementor-element elementor-element-d960d57 e-flex e-con-boxed e-con e-parent\" data-id=\"d960d57\" data-element_type=\"container\" data-e-type=\"container\">\n\t\t\t\t\t<div class=\"e-con-inner\">\n\t\t\t\t<div class=\"elementor-element elementor-element-21a706b elementor-widget elementor-widget-text-editor\" data-id=\"21a706b\" data-element_type=\"widget\" data-e-type=\"widget\" data-widget_type=\"text-editor.default\">\n\t\t\t\t<div class=\"elementor-widget-container\">\n\t\t\t\t\t\t\t\t\t<p data-pm-slice=\"1 1 []\">Be there when teams from all over Germany and beyond meet at the Floorball Festival Berlin! Our modern sports hall offers ideal conditions for exciting floorball matches. A special highlight: <strong>The spacious grandstand area with the best view of the pitch - up to 200 spectators<\/strong> can cheer you on here!<br \/><br \/><strong><span style=\"text-decoration: underline;\">ATTENTION: The venue has been moved. The new venue is: Robert-Havemann-Oberschule, Achillesstra\u00dfe 79, 13125 Berlin (only 300 metres away from the original venue)<\/span><\/strong><\/p>\t\t\t\t\t\t\t\t<\/div>\n\t\t\t\t<\/div>\n\t\t\t\t\t<\/div>\n\t\t\t\t<\/div>\n\t\t<div class=\"elementor-element elementor-element-dcdf119 e-flex e-con-boxed e-con e-parent\" data-id=\"dcdf119\" data-element_type=\"container\" data-e-type=\"container\">\n\t\t\t\t\t<div class=\"e-con-inner\">\n\t\t\t\t<div class=\"elementor-element elementor-element-9c7f576 elementor-widget elementor-widget-image\" data-id=\"9c7f576\" data-element_type=\"widget\" data-e-type=\"widget\" data-widget_type=\"image.default\">\n\t\t\t\t<div class=\"elementor-widget-container\">\n\t\t\t\t\t\t\t\t\t\t\t\t\t\t\t<img decoding=\"async\" src=\"https:\/\/floorball-festival-berlin.de\/wp-content\/uploads\/2025\/03\/Floorball_grossfeld_Halle_Berlin-scaled.jpg\" title=\"Floorball_grossfeld_Halle_Berlin\" alt=\"Floorball_grossfeld_Halle_Berlin\" loading=\"lazy\" \/>\t\t\t\t\t\t\t\t\t\t\t\t\t\t\t<\/div>\n\t\t\t\t<\/div>\n\t\t\t\t\t<\/div>\n\t\t\t\t<\/div>\n\t\t<div class=\"elementor-element elementor-element-d7c3192 e-flex e-con-boxed e-con e-parent\" data-id=\"d7c3192\" data-element_type=\"container\" data-e-type=\"container\">\n\t\t\t\t\t<div class=\"e-con-inner\">\n\t\t\t\t<div class=\"elementor-element elementor-element-5ca86ee elementor-widget elementor-widget-text-editor\" data-id=\"5ca86ee\" data-element_type=\"widget\" data-e-type=\"widget\" data-widget_type=\"text-editor.default\">\n\t\t\t\t<div class=\"elementor-widget-container\">\n\t\t\t\t\t\t\t\t\t<h2>Perfect connection &amp; central location<\/h2><p>Our sports hall is ideally connected to Berlin's public transport network. From here you are <strong>in just 25 minutes in the centre of the lively Prenzlauer Berg district<\/strong> or <strong>in 30 minutes at the Brandenburg Gate<\/strong>.<\/p><h2>How to reach us comfortably<\/h2><p><strong>By bus and train<\/strong><\/p><p style=\"padding-left: 40px;\">The nearest long-distance railway stations are <strong>Berlin-Gesundbrunnen<\/strong> and <strong>Bernau<\/strong>. From there you can take the S-Bahn line S2 to Karow station. From <strong>Karow railway station<\/strong> (lines S2 and RB27) with bus 350 (direction \"Karow-Nord\/Hofzeichendamm\") to bus stop \"Karow-Nord\/Hofzeichendamm\". <strong>\"Forkenzeile\"<\/strong>.<\/p><p style=\"padding-left: 40px;\">For current travel connections we recommend the website of the <a href=\"https:\/\/www.vbb.de\/\" target=\"_blank\" rel=\"noopener\">Berlin-Brandenburg Transport Association<\/a><\/p><p><strong>By car<\/strong><\/p><p style=\"padding-left: 40px;\">Please note that parking is limited. We recommend travelling by public transport.<\/p>\t\t\t\t\t\t\t\t<\/div>\n\t\t\t\t<\/div>\n\t\t<div class=\"elementor-element elementor-element-a642aee e-con-full e-flex e-con e-child\" data-id=\"a642aee\" data-element_type=\"container\" data-e-type=\"container\">\n\t\t<div class=\"elementor-element elementor-element-06af529 e-con-full e-flex e-con e-child\" data-id=\"06af529\" data-element_type=\"container\" data-e-type=\"container\">\n\t\t\t\t<div class=\"elementor-element elementor-element-3c46ac4 elementor-widget elementor-widget-text-editor\" data-id=\"3c46ac4\" data-element_type=\"widget\" data-e-type=\"widget\" data-widget_type=\"text-editor.default\">\n\t\t\t\t<div class=\"elementor-widget-container\">\n\t\t\t\t\t\t\t\t\t<h2>Address of the hall<\/h2><p>Robert Havemann Secondary School<br \/>Achillesstr. 79<br \/>D-13125 Berlin<\/p>\t\t\t\t\t\t\t\t<\/div>\n\t\t\t\t<\/div>\n\t\t\t\t<\/div>\n\t\t<div class=\"elementor-element elementor-element-3e313b1 e-con-full e-flex e-con e-child\" data-id=\"3e313b1\" data-element_type=\"container\" data-e-type=\"container\">\n\t\t\t\t<div class=\"elementor-element elementor-element-4ed098d elementor-widget elementor-widget-text-editor\" data-id=\"4ed098d\" data-element_type=\"widget\" data-e-type=\"widget\" data-widget_type=\"text-editor.default\">\n\t\t\t\t<div class=\"elementor-widget-container\">\n\t\t\t\t\t\t\t\t\t<h2>Everything in the neighbourhood<\/h2><p>Our sports hall is centrally located in Berlin-Karow and is just a few minutes' walk from shops such as Rewe and Netto. There is also an ice cream parlour and various restaurants.<\/p>\t\t\t\t\t\t\t\t<\/div>\n\t\t\t\t<\/div>\n\t\t\t\t<\/div>\n\t\t\t\t<\/div>\n\t\t\t\t\t<\/div>\n\t\t\t\t<\/div>\n\t\t<div class=\"elementor-element elementor-element-8cb4c82 e-flex e-con-boxed e-con e-parent\" data-id=\"8cb4c82\" data-element_type=\"container\" data-e-type=\"container\">\n\t\t\t\t\t<div class=\"e-con-inner\">\n\t\t\t\t<div class=\"elementor-element elementor-element-73a18e8 elementor-widget elementor-widget-google_maps\" data-id=\"73a18e8\" data-element_type=\"widget\" data-e-type=\"widget\" data-widget_type=\"google_maps.default\">\n\t\t\t\t<div class=\"elementor-widget-container\">\n\t\t\t\t\t\t\t<div class=\"elementor-custom-embed\">\n\t\t\t<iframe loading=\"lazy\"\n\t\t\t\t\tsrc=\"https:\/\/maps.google.com\/maps?q=Achillesstr.%2031%2C%2013125%20Berlin&#038;t=m&#038;z=15&#038;output=embed&#038;iwloc=near\"\n\t\t\t\t\ttitle=\"Achillesstr. 31, 13125 Berlin\"\n\t\t\t\t\taria-label=\"Achillesstr. 31, 13125 Berlin\"\n\t\t\t><\/iframe>\n\t\t<\/div>\n\t\t\t\t\t\t<\/div>\n\t\t\t\t<\/div>\n\t\t\t\t\t<\/div>\n\t\t\t\t<\/div>\n\t\t<div class=\"elementor-element elementor-element-0c0d3cb e-flex e-con-boxed e-con e-parent\" data-id=\"0c0d3cb\" data-element_type=\"container\" data-e-type=\"container\">\n\t\t\t\t\t<div class=\"e-con-inner\">\n\t\t\t\t<div class=\"elementor-element elementor-element-ecf8906 elementor-widget elementor-widget-text-editor\" data-id=\"ecf8906\" data-element_type=\"widget\" data-e-type=\"widget\" data-widget_type=\"text-editor.default\">\n\t\t\t\t<div class=\"elementor-widget-container\">\n\t\t\t\t\t\t\t\t\t<h2>Register now and take part with your team!<\/h2><p>Don't miss the chance to put your skills to the test at the Floorball Festival Berlin. Exciting games, a great atmosphere and the best conditions await you!<\/p><p><a href=\"https:\/\/floorball-festival-berlin.de\/en\/registration\/\"><strong>Register now - we look forward to seeing you!<\/strong><\/a><\/p>\t\t\t\t\t\t\t\t<\/div>\n\t\t\t\t<\/div>\n\t\t\t\t\t<\/div>\n\t\t\t\t<\/div>\n\t\t\t\t<\/div>","protected":false},"excerpt":{"rendered":"<p>Seid dabei, wenn sich Teams aus ganz Deutschland und dar\u00fcber hinaus zum Floorball Festival Berlin treffen! Unsere moderne Sporthalle bietet optimale Bedingungen f\u00fcr spannende Floorball-Matches. Ein besonderes Highlight: Die gro\u00dfz\u00fcgige Trib\u00fcnenanlage mit besten Blick auf das Spielfeld \u2013 bis zu 200 Zuschauer k\u00f6nnen hier mitfiebern und euch anfeuern! ACHTUNG: Der Veranstaltungsort wurde verlegt. Neuer Spielort [&hellip;]<\/p>\n","protected":false},"author":1,"featured_media":0,"parent":0,"menu_order":0,"comment_status":"closed","ping_status":"closed","template":"","meta":{"footnotes":""},"class_list":["post-292","page","type-page","status-publish","hentry","entry"],"_links":{"self":[{"href":"https:\/\/floorball-festival-berlin.de\/en\/wp-json\/wp\/v2\/pages\/292","targetHints":{"allow":["GET"]}}],"collection":[{"href":"https:\/\/floorball-festival-berlin.de\/en\/wp-json\/wp\/v2\/pages"}],"about":[{"href":"https:\/\/floorball-festival-berlin.de\/en\/wp-json\/wp\/v2\/types\/page"}],"author":[{"embeddable":true,"href":"https:\/\/floorball-festival-berlin.de\/en\/wp-json\/wp\/v2\/users\/1"}],"replies":[{"embeddable":true,"href":"https:\/\/floorball-festival-berlin.de\/en\/wp-json\/wp\/v2\/comments?post=292"}],"version-history":[{"count":10,"href":"https:\/\/floorball-festival-berlin.de\/en\/wp-json\/wp\/v2\/pages\/292\/revisions"}],"predecessor-version":[{"id":524,"href":"https:\/\/floorball-festival-berlin.de\/en\/wp-json\/wp\/v2\/pages\/292\/revisions\/524"}],"wp:attachment":[{"href":"https:\/\/floorball-festival-berlin.de\/en\/wp-json\/wp\/v2\/media?parent=292"}],"curies":[{"name":"wp","href":"https:\/\/api.w.org\/{rel}","templated":true}]}}